{"id":81,"date":"2021-12-16T16:37:18","date_gmt":"2021-12-16T19:37:18","guid":{"rendered":"https:\/\/sites.vitoria.es.gov.br\/cadastro\/?page_id=81"},"modified":"2026-02-02T16:08:26","modified_gmt":"2026-02-02T19:08:26","slug":"caldera_forms_preview-2","status":"publish","type":"page","link":"https:\/\/sites.vitoria.es.gov.br\/cadastro\/","title":{"rendered":"Inscri\u00e7\u00f5es para o Carnaval Oficial do Centro de Vit\u00f3ria 2026"},"content":{"rendered":"<p><span style=\"color: #ff0000; font-size: 14pt;\">Inscri\u00e7\u00f5es exclusivas para ambulantes que utilizem mobili\u00e1rio de pequeno porte n\u00e3o fixos (carrinhos ou caixeiros).<\/span><\/p>\n<p>Fa\u00e7a seu credenciamento preenchendo o formul\u00e1rio abaixo.<\/p>\n\t<h2>Inscri\u00e7\u00f5es encerradas.<\/h2>\r\n\t<!--<h2>Prazo para inscri\u00e7\u00e3o esgotado em 04\/02\/2026, &agrave;s 12:00.<\/h2>-->\r\n\n<!-- AddThis Advanced Settings generic via filter on the_content --><!-- AddThis Share Buttons generic via filter on the_content -->","protected":false},"excerpt":{"rendered":"<p>Inscri\u00e7\u00f5es exclusivas para ambulantes que utilizem mobili\u00e1rio de pequeno porte n\u00e3o fixos (carrinhos ou caixeiros). Fa\u00e7a seu credenciamento preenchendo o formul\u00e1rio abaixo.<!-- AddThis Advanced Settings generic via filter on get_the_excerpt --><!-- AddThis Share Buttons generic via filter on get_the_excerpt --><\/p>\n","protected":false},"author":1,"featured_media":0,"parent":0,"menu_order":0,"comment_status":"closed","ping_status":"closed","template":"","meta":{"footnotes":""},"class_list":["post-81","page","type-page","status-publish","hentry"],"_links":{"self":[{"href":"https:\/\/sites.vitoria.es.gov.br\/cadastro\/wp-json\/wp\/v2\/pages\/81","targetHints":{"allow":["GET"]}}],"collection":[{"href":"https:\/\/sites.vitoria.es.gov.br\/cadastro\/wp-json\/wp\/v2\/pages"}],"about":[{"href":"https:\/\/sites.vitoria.es.gov.br\/cadastro\/wp-json\/wp\/v2\/types\/page"}],"author":[{"embeddable":true,"href":"https:\/\/sites.vitoria.es.gov.br\/cadastro\/wp-json\/wp\/v2\/users\/1"}],"replies":[{"embeddable":true,"href":"https:\/\/sites.vitoria.es.gov.br\/cadastro\/wp-json\/wp\/v2\/comments?post=81"}],"version-history":[{"count":29,"href":"https:\/\/sites.vitoria.es.gov.br\/cadastro\/wp-json\/wp\/v2\/pages\/81\/revisions"}],"predecessor-version":[{"id":235,"href":"https:\/\/sites.vitoria.es.gov.br\/cadastro\/wp-json\/wp\/v2\/pages\/81\/revisions\/235"}],"wp:attachment":[{"href":"https:\/\/sites.vitoria.es.gov.br\/cadastro\/wp-json\/wp\/v2\/media?parent=81"}],"curies":[{"name":"wp","href":"https:\/\/api.w.org\/{rel}","templated":true}]}}