{"id":57,"date":"2015-06-30T20:06:45","date_gmt":"2015-06-30T20:06:45","guid":{"rendered":"https:\/\/sites.vitoria.es.gov.br\/pmrr\/?page_id=57"},"modified":"2026-03-27T17:10:24","modified_gmt":"2026-03-27T17:10:24","slug":"etapas","status":"publish","type":"page","link":"https:\/\/sites.vitoria.es.gov.br\/pmrr\/etapas\/","title":{"rendered":"Etapas do PMRR"},"content":{"rendered":"<p><strong>Etapa 1 \u2013 Elabora\u00e7\u00e3o da Proposta de Trabalho Detalhada<\/strong><\/p>\n<p style=\"padding-left: 30px;\">1.1 \u2013 Sele\u00e7\u00e3o de Assentamentos Prec\u00e1rios<br \/>\n1.2 &#8211; Detalhamento da Metodologia e da Proposta<\/p>\n<p><strong>Etapa 2 \u2013 Elabora\u00e7\u00e3o do Plano Municipal de Redu\u00e7\u00e3o de Risco \u2013 PMRR<\/strong><\/p>\n<p style=\"padding-left: 30px;\">2.1 \u2013 Levantamento de dados, cadastramentos, cartografia, investiga\u00e7\u00f5es de campo, fotos a\u00e9reas e terrestres, estudos, pesquisas.<\/p>\n<p style=\"padding-left: 30px;\">2.2 \u2013 Sensibiliza\u00e7\u00e3o da Comunidade, Atividades Did\u00e1ticas e Material de Consumo<\/p>\n<p style=\"padding-left: 30px;\">2.3 \u2013 Proposi\u00e7\u00e3o de alternativas de implanta\u00e7\u00e3o do PMRR (Proposi\u00e7\u00e3o de Pol\u00edtica de Gerenciamento de Risco) e levantamento de poss\u00edveis fontes de recursos para implanta\u00e7\u00e3o das interven\u00e7\u00f5es priorit\u00e1rias<\/p>\n<p style=\"padding-left: 30px;\">2.4 \u2013 Proposi\u00e7\u00e3o de a\u00e7\u00f5es n\u00e3o estruturais necess\u00e1rias para a sustentabilidade do programa<\/p>\n<p style=\"padding-left: 30px;\">2.5 \u2013 Concep\u00e7\u00e3o de interven\u00e7\u00f5es estruturais necess\u00e1rias para a sustentabilidade do programa (Volumes 1 e 2)<\/p>\n<p style=\"padding-left: 30px;\">2.6 \u2013 Elabora\u00e7\u00e3o de ordem de prioridade de interven\u00e7\u00f5es com estimativa de custos<br \/>\n2.7 \u2013 Atualiza\u00e7\u00e3o do Mapeamento de Risco e Elabora\u00e7\u00e3o do Plano Municipal de Redu\u00e7\u00e3o de Risco (Levantamento de Campo \u2013 Setoriza\u00e7\u00e3o)<\/p>\n<p><strong>ETAPA 3 \u2013 Valida\u00e7\u00e3o do Plano Municipal de Redu\u00e7\u00e3o de Risco<\/strong><\/p>\n<p style=\"padding-left: 30px;\">3.1 \u2013 Mobiliza\u00e7\u00e3o comunit\u00e1ria<\/p>\n<p style=\"padding-left: 30px;\">3.2 \u2013 Realiza\u00e7\u00e3o de audi\u00eancia p\u00fablica com as comunidades envolvidas e demais interessados<\/p>\n<p style=\"padding-left: 30px;\">3.3 \u2013 Relat\u00f3rio Final da Audi\u00eancia P\u00fablica com produ\u00e7\u00e3o de matriz de alternativas de a\u00e7\u00e3o<\/p>\n<!-- AddThis Advanced Settings generic via filter on the_content --><!-- AddThis Share Buttons generic via filter on the_content -->","protected":false},"excerpt":{"rendered":"<p>Etapa 1 \u2013 Elabora\u00e7\u00e3o da Proposta de Trabalho Detalhada 1.1 \u2013 Sele\u00e7\u00e3o de Assentamentos Prec\u00e1rios 1.2 &#8211; Detalhamento da Metodologia e da Proposta Etapa 2 \u2013 Elabora\u00e7\u00e3o do Plano Municipal de Redu\u00e7\u00e3o de Risco \u2013 PMRR 2.1 \u2013 Levantamento de&hellip; <a href=\"https:\/\/sites.vitoria.es.gov.br\/pmrr\/etapas\/\" class=\"more-link\">Ler mais <span class=\"meta-nav\">&rarr;<\/span><\/a><!-- AddThis Advanced Settings generic via filter on get_the_excerpt --><!-- AddThis Share Buttons generic via filter on get_the_excerpt --><\/p>\n","protected":false},"author":5,"featured_media":0,"parent":0,"menu_order":0,"comment_status":"closed","ping_status":"closed","template":"page-template-full.php","meta":{"footnotes":""},"class_list":["post-57","page","type-page","status-publish","hentry"],"_links":{"self":[{"href":"https:\/\/sites.vitoria.es.gov.br\/pmrr\/wp-json\/wp\/v2\/pages\/57","targetHints":{"allow":["GET"]}}],"collection":[{"href":"https:\/\/sites.vitoria.es.gov.br\/pmrr\/wp-json\/wp\/v2\/pages"}],"about":[{"href":"https:\/\/sites.vitoria.es.gov.br\/pmrr\/wp-json\/wp\/v2\/types\/page"}],"author":[{"embeddable":true,"href":"https:\/\/sites.vitoria.es.gov.br\/pmrr\/wp-json\/wp\/v2\/users\/5"}],"replies":[{"embeddable":true,"href":"https:\/\/sites.vitoria.es.gov.br\/pmrr\/wp-json\/wp\/v2\/comments?post=57"}],"version-history":[{"count":8,"href":"https:\/\/sites.vitoria.es.gov.br\/pmrr\/wp-json\/wp\/v2\/pages\/57\/revisions"}],"predecessor-version":[{"id":413,"href":"https:\/\/sites.vitoria.es.gov.br\/pmrr\/wp-json\/wp\/v2\/pages\/57\/revisions\/413"}],"wp:attachment":[{"href":"https:\/\/sites.vitoria.es.gov.br\/pmrr\/wp-json\/wp\/v2\/media?parent=57"}],"curies":[{"name":"wp","href":"https:\/\/api.w.org\/{rel}","templated":true}]}}